{"id":546,"date":"2018-10-30T14:05:42","date_gmt":"2018-10-30T07:05:42","guid":{"rendered":"http:\/\/localhost\/bds\/bds24\/?page_id=546"},"modified":"2021-09-08T18:53:00","modified_gmt":"2021-09-08T11:53:00","slug":"nhan-ky-gui","status":"publish","type":"page","link":"https:\/\/bds.mauwebwp.com\/014\/nhan-ky-gui\/","title":{"rendered":"Nh\u1eadn K\u00fd G\u1eedi"},"content":{"rendered":"<div class=\"row\"  id=\"row-2070967076\">\n\n\t<div id=\"col-670911305\" class=\"col small-12 large-12\"  >\n\t\t\t\t<div class=\"col-inner\"  >\n\t\t\t\n\t\t\t\n\t<div class=\"img has-hover x md-x lg-x y md-y lg-y\" id=\"image_84751189\">\n\t\t\t\t\t\t\t\t<div class=\"img-inner dark\" >\n\t\t\t<img width=\"1020\" height=\"227\" src=\"https:\/\/bds.mauwebwp.com\/014\/wp-content\/uploads\/ky-gui-1024x228.png\" class=\"attachment-large size-large\" alt=\"\" loading=\"lazy\" srcset=\"https:\/\/bds.mauwebwp.com\/014\/wp-content\/uploads\/ky-gui-1024x228.png 1024w, https:\/\/bds.mauwebwp.com\/014\/wp-content\/uploads\/ky-gui-300x67.png 300w, https:\/\/bds.mauwebwp.com\/014\/wp-content\/uploads\/ky-gui-768x171.png 768w, https:\/\/bds.mauwebwp.com\/014\/wp-content\/uploads\/ky-gui-1060x236.png 1060w, https:\/\/bds.mauwebwp.com\/014\/wp-content\/uploads\/ky-gui.png 1347w\" sizes=\"(max-width: 1020px) 100vw, 1020px\" \/>\t\t\t\t\t\t\n\t\t\t\t\t<\/div>\n\t\t\t\t\t\t\t\t\n<style>\n#image_84751189 {\n  width: 100%;\n}\n<\/style>\n\t<\/div>\n\t\n<p>Ch\u00fang t\u00f4i \u0111ang l\u00e0 \u0111\u01a1n v\u1ecb ph\u00e2n ph\u1ed1i Nh\u00e0 m\u1eb7t ph\u1ed1 h\u00e0ng \u0111\u1ea7u t\u1ea1i khu v\u1ef1c H\u00e0 N\u1ed9i. Hi\u1ec7n t\u1ea1i \u0111ang k\u1ebft n\u1ed1i v\u1edbi h\u01a1n 500 anh em M\u00f4i gi\u1edbi chuy\u00ean nghi\u1ec7p. C\u00f9ng l\u01b0\u1ee3ng kh\u00e1ch h\u00e0ng l\u1edbn \u0111\u1ea3m b\u1ea3o m\u1ecdi c\u0103n nh\u00e0 qu\u00fd v\u1ecb g\u1eedi b\u00e1n s\u1ebd \u0111\u01b0\u1ee3c giao d\u1ecbch th\u00e0nh c\u00f4ng v\u00e0 nhanh ch\u00f3ng.<\/p>\n<p>Qu\u00fd v\u1ecb \u0111ang c\u00f3 nhu c\u1ea7u chuy\u1ec3n nh\u01b0\u1ee3ng l\u1ea1i Nh\u00e0 m\u1eb7t ph\u1ed1 vui l\u00f2ng li\u00ean h\u1ec7 v\u1edbi ch\u00fang t\u00f4i \u0111\u1ec3 \u0111\u01b0\u1ee3c h\u1ed7 tr\u1ee3:<\/p>\n<div role=\"form\" class=\"wpcf7\" id=\"wpcf7-f548-o1\" lang=\"vi\" dir=\"ltr\">\n<div class=\"screen-reader-response\"><p role=\"status\" aria-live=\"polite\" aria-atomic=\"true\"><\/p> <ul><\/ul><\/div>\n<form action=\"\/014\/wp-json\/wp\/v2\/pages\/546#wpcf7-f548-o1\" method=\"post\" class=\"wpcf7-form init\" novalidate=\"novalidate\" data-status=\"init\">\n<div style=\"display: none;\">\n<input type=\"hidden\" name=\"_wpcf7\" value=\"548\" \/>\n<input type=\"hidden\" name=\"_wpcf7_version\" value=\"5.4.2\" \/>\n<input type=\"hidden\" name=\"_wpcf7_locale\" value=\"vi\" \/>\n<input type=\"hidden\" name=\"_wpcf7_unit_tag\" value=\"wpcf7-f548-o1\" \/>\n<input type=\"hidden\" name=\"_wpcf7_container_post\" value=\"0\" \/>\n<input type=\"hidden\" name=\"_wpcf7_posted_data_hash\" value=\"\" \/>\n<\/div>\n<div id=\"responsive-form\" class=\"clearfix\">\n<div class=\"form-row\">\n<div class=\"column-half\"><span class=\"wpcf7-form-control-wrap your-name\"><input type=\"text\" name=\"your-name\" value=\"\" size=\"40\" class=\"wpcf7-form-control wpcf7-text wpcf7-validates-as-required\" aria-required=\"true\" aria-invalid=\"false\" placeholder=\"T\u00ean kh\u00e1ch h\u00e0ng\" \/><\/span><\/div>\n<div class=\"column-half\"><span class=\"wpcf7-form-control-wrap your-email\"><input type=\"email\" name=\"your-email\" value=\"\" size=\"40\" class=\"wpcf7-form-control wpcf7-text wpcf7-email wpcf7-validates-as-required wpcf7-validates-as-email\" aria-required=\"true\" aria-invalid=\"false\" placeholder=\"\u0110\u1ecba ch\u1ec9 email\" \/><\/span><\/div>\n<div class=\"column-half\"><span class=\"wpcf7-form-control-wrap your-tel\"><input type=\"tel\" name=\"your-tel\" value=\"\" size=\"40\" class=\"wpcf7-form-control wpcf7-text wpcf7-tel wpcf7-validates-as-required wpcf7-validates-as-tel\" aria-required=\"true\" aria-invalid=\"false\" placeholder=\"\u0110i\u1ec7n tho\u1ea1i li\u00ean h\u1ec7\" \/><\/span><\/div>\n<div class=\"column-half\"><span class=\"wpcf7-form-control-wrap your-text\"><input type=\"text\" name=\"your-text\" value=\"\" size=\"40\" class=\"wpcf7-form-control wpcf7-text\" aria-invalid=\"false\" placeholder=\"Nhu C\u1ea7u C\u0103n H\u1ed9 C\u1ea7n B\u00e1n - C\u1ea7n Mua\" \/><\/span><\/div>\n<div class=\"column-half\"><input type=\"submit\" value=\"\u0110\u0103ng k\u00fd ngay\" class=\"wpcf7-form-control wpcf7-submit\" \/><\/div>\n<\/div>\n<\/div>\n<div class=\"wpcf7-response-output\" aria-hidden=\"true\"><\/div><\/form><\/div>\n<div class=\"row\"  id=\"row-236205837\">\n\n\t<div id=\"col-1602556845\" class=\"col small-12 large-12\"  >\n\t\t\t\t<div class=\"col-inner\"  >\n\t\t\t\n\t\t\t\n<p style=\"text-align: center;\">Hotline Ph\u00f2ng h\u1ed7 tr\u1ee3 th\u1ee7 t\u1ee5c k\u00fd g\u1eedi: <strong><a href=\"tel:0934 503 161\">0934 503 161<\/a>\u00a0&#8211;\u00a0<a href=\"tel:0398433650\">0398 433 650<\/a><\/strong><\/p>\n<p style=\"text-align: center;\"><em><strong>T\u01af V\u1ea4N T\u1eea CHUY\u00caN GIA B\u0110S \u2013 L\u00c0M VI\u1ec6C T\u1eacN T\u00ccNH \u2013 CHUY\u00caN NGHI\u1ec6P<\/strong><\/em><\/p>\n<p>&nbsp;<\/p>\n\t\t<\/div>\n\t\t\t\t\t<\/div>\n\n\t\n<\/div>\n\t\t<\/div>\n\t\t\t\t\t<\/div>\n\n\t\n<\/div>\n","protected":false},"excerpt":{"rendered":"","protected":false},"author":2,"featured_media":0,"parent":0,"menu_order":0,"comment_status":"closed","ping_status":"closed","template":"page-right-sidebar.php","meta":[],"_links":{"self":[{"href":"https:\/\/bds.mauwebwp.com\/014\/wp-json\/wp\/v2\/pages\/546"}],"collection":[{"href":"https:\/\/bds.mauwebwp.com\/014\/wp-json\/wp\/v2\/pages"}],"about":[{"href":"https:\/\/bds.mauwebwp.com\/014\/wp-json\/wp\/v2\/types\/page"}],"author":[{"embeddable":true,"href":"https:\/\/bds.mauwebwp.com\/014\/wp-json\/wp\/v2\/users\/2"}],"replies":[{"embeddable":true,"href":"https:\/\/bds.mauwebwp.com\/014\/wp-json\/wp\/v2\/comments?post=546"}],"version-history":[{"count":0,"href":"https:\/\/bds.mauwebwp.com\/014\/wp-json\/wp\/v2\/pages\/546\/revisions"}],"wp:attachment":[{"href":"https:\/\/bds.mauwebwp.com\/014\/wp-json\/wp\/v2\/media?parent=546"}],"curies":[{"name":"wp","href":"https:\/\/api.w.org\/{rel}","templated":true}]}}